{"id":1878,"date":"2024-02-01T15:32:25","date_gmt":"2024-02-01T15:32:25","guid":{"rendered":"https:\/\/test.netzer.de\/?page_id=1878"},"modified":"2026-01-23T08:24:04","modified_gmt":"2026-01-23T08:24:04","slug":"speisekarte","status":"publish","type":"page","link":"https:\/\/test.netzer.de\/?page_id=1878","title":{"rendered":"Speisekarte"},"content":{"rendered":"\t\t<div data-elementor-type=\"wp-page\" data-elementor-id=\"1878\" class=\"elementor elementor-1878\">\n\t\t\t\t<div class=\"elementor-element elementor-element-15a28974 e-flex e-con-boxed e-con e-parent\" data-id=\"15a28974\" data-element_type=\"container\" data-settings=\"{&quot;background_background&quot;:&quot;classic&quot;}\">\n\t\t\t\t\t<div class=\"e-con-inner\">\n\t\t<div class=\"elementor-element elementor-element-768055de e-flex e-con-boxed e-con e-child\" data-id=\"768055de\" data-element_type=\"container\">\n\t\t\t\t\t<div class=\"e-con-inner\">\n\t\t\t\t<div class=\"elementor-element elementor-element-17f6ff7c elementor-widget elementor-widget-heading\" data-id=\"17f6ff7c\" data-element_type=\"widget\" data-widget_type=\"heading.default\">\n\t\t\t\t<div class=\"elementor-widget-container\">\n\t\t\t\t\t<h1 class=\"elementor-heading-title elementor-size-default\">Speisekarte<\/h1>\t\t\t\t<\/div>\n\t\t\t\t<\/div>\n\t\t\t\t\t<\/div>\n\t\t\t\t<\/div>\n\t\t\t\t\t<\/div>\n\t\t\t\t<\/div>\n\t\t<div class=\"elementor-element elementor-element-5e29bac e-flex e-con-boxed e-con e-parent\" data-id=\"5e29bac\" data-element_type=\"container\">\n\t\t\t\t\t<div class=\"e-con-inner\">\n\t\t\t\t<div class=\"elementor-element elementor-element-c47948a elementor-widget elementor-widget-html\" data-id=\"c47948a\" data-element_type=\"widget\" data-widget_type=\"html.default\">\n\t\t\t\t<div class=\"elementor-widget-container\">\n\t\t\t\t\t<style>\n.speisekarte {\n    max-width: 900px;\n    margin: auto;\n    font-family: -apple-system, BlinkMacSystemFont, \"Segoe UI\", Roboto, Arial, sans-serif;\n    color: #2b2b2b;\n    line-height: 1.6;\n    padding: 20px;\n}\n\n\/* Hinweisbox *\/\n.notice {\n    background: #f6f7f8;\n    border-left: 4px solid #FF6A97;\n    padding: 16px 18px;\n    margin-bottom: 30px;\n    border-radius: 6px;\n}\n\n.notice strong {\n    display: block;\n    margin-bottom: 8px;\n    font-size: 1.05rem;\n}\n\n.notice a {\n    display: inline-block;\n    margin-top: 10px;\n    padding: 10px 18px;\n    background: #FF6A97;\n    color: #000;\n    text-decoration: none;\n    border-radius: 25px;\n    font-size: 0.95rem;\n    transition: background 0.3s ease;\n}\n\n.notice a:hover {\n    color: white;\n    background: #FA036B;\n    scale: 1.1;\n    transition: ease;\n    -webkit-transition: all 0.2s ease;\n}\n\n.speisekarte h1 {\n    text-align: center;\n    font-size: 2.3rem;\n    margin-bottom: 6px;\n}\n\n.subtitle {\n    text-align: center;\n    color: #666;\n    margin-bottom: 35px;\n}\n\n.section {\n    margin-bottom: 45px;\n}\n\n.section h2 {\n    font-size: 1.5rem;\n    margin-bottom: 15px;\n    color: #5a3e2b;\n    border-bottom: 1px solid #e0e0e0;\n    padding-bottom: 6px;\n}\n\n\/* Men\u00fclisten *\/\n.menu-list {\n    display: grid;\n    grid-template-columns: 1fr auto;\n    gap: 8px 16px;\n}\n\n.price {\n    font-weight: 600;\n    white-space: nowrap;\n}\n\n\/* Hinweise *\/\n.note {\n    margin-top: 12px;\n    font-size: 0.9rem;\n    color: #555;\n}\n\n\/* Footer *\/\n.footer {\n    margin-top: 50px;\n    padding-top: 25px;\n    border-top: 1px solid #ddd;\n    font-size: 0.95rem;\n    color: #444;\n}\n\n\/* Responsive *\/\n@media (max-width: 600px) {\n    .menu-list {\n        grid-template-columns: 1fr;\n    }\n    .price {\n        color: #666;\n    }\n}\n<\/style>\n\n<div class=\"speisekarte\">\n\n<!-- Fr\u00fchst\u00fcck Hinweis -->\n<div class=\"notice\">\n    <strong>Hinweis zum Fr\u00fchst\u00fcck \u2615\ud83e\udd50<\/strong>\n    F\u00fcr unser Fr\u00fchst\u00fcck empfehlen wir im besten Fall eine Reservierung.<br>\n    Diese ist telefonisch oder bequem online m\u00f6glich.\n    <br>\n    <a href=\"https:\/\/www.netzer.cloud\" target=\"_blank\" rel=\"noopener\">\n        Jetzt online reservieren\n    <\/a>\n<\/div>\n\n<div class=\"section\">\n<h2>\u00d6ffnungszeiten<\/h2>\n<p>\nT\u00e4glich von 9:30 \u2013 18:00 Uhr<br>\nMontag & Dienstag Ruhetag\n<\/p>\n<\/div>\n\n<div class=\"section\">\n<h2>Hei\u00dfe Getr\u00e4nke<\/h2>\n<div class=\"menu-list\">\n<span>K\u00e4nnchen Kaffee<\/span><span class=\"price\">5,20 \u20ac<\/span>\n<span>K\u00e4nnchen Kaffee entkoffeiniert<\/span><span class=\"price\">5,20 \u20ac<\/span>\n<span>Espresso<\/span><span class=\"price\">2,80 \u20ac<\/span>\n<span>Espresso doppelt<\/span><span class=\"price\">4,30 \u20ac<\/span>\n<span>Cappuccino<\/span><span class=\"price\">3,80 \u20ac<\/span>\n<span>Milchkaffee<\/span><span class=\"price\">3,80 \u20ac<\/span>\n<span>Latte Macchiato<\/span><span class=\"price\">3,80 \u20ac<\/span>\n<span>Chococcino<\/span><span class=\"price\">3,80 \u20ac<\/span>\n<span>Hei\u00dfe Schokolade mit Sahne<\/span><span class=\"price\">3,80 \u20ac<\/span>\n<span>K\u00e4nnchen hei\u00dfe Schokolade<\/span><span class=\"price\">5,50 \u20ac<\/span>\n<\/div>\n\n<p class=\"note\">\nSirup (Haselnuss, Kokos, Karamell, Vanille, wei\u00dfe Schokolade) +0,70 \u20ac<br>\nHafermilch +0,70 \u20ac\n<\/p>\n<\/div>\n\n<div class=\"section\">\n<h2>Kaffee- & Schokoladenspezialit\u00e4ten<\/h2>\n<div class=\"menu-list\">\n<span>Baileys Cappuccino<\/span><span class=\"price\">5,50 \u20ac<\/span>\n<span>Irish Coffee<\/span><span class=\"price\">5,50 \u20ac<\/span>\n<span>Pharis\u00e4er<\/span><span class=\"price\">5,50 \u20ac<\/span>\n<span>Kaffee Traum<\/span><span class=\"price\">5,50 \u20ac<\/span>\n<span>Russische Schokolade<\/span><span class=\"price\">5,50 \u20ac<\/span>\n<span>Schoko Traum<\/span><span class=\"price\">5,50 \u20ac<\/span>\n<span>Baileys Schokolade<\/span><span class=\"price\">5,50 \u20ac<\/span>\n<span>R\u00fcdesheimer Kaffee<\/span><span class=\"price\">6,80 \u20ac<\/span>\n<\/div>\n<\/div>\n\n<div class=\"section\">\n<h2>Tee (K\u00e4nnchen)<\/h2>\n<div class=\"menu-list\">\n<span>Schwarztee (Assam, Ceylon, Darjeeling, Earl Grey, Mango)<\/span><span class=\"price\">5,20 \u20ac<\/span>\n<span>Gr\u00fcner Tee (Natur, Lemongras, Love Story)<\/span><span class=\"price\">5,20 \u20ac<\/span>\n<span>Rooibos (Natur, Vanille, Chai)<\/span><span class=\"price\">5,20 \u20ac<\/span>\n<span>Fr\u00fcchtetee \u201eFr\u00fchlingsromanze\u201c<\/span><span class=\"price\">5,20 \u20ac<\/span>\n<span>Kr\u00e4utertee \u201eFitnessmischung\u201c<\/span><span class=\"price\">5,20 \u20ac<\/span>\n<span>Pfefferminztee<\/span><span class=\"price\">5,20 \u20ac<\/span>\n<\/div>\n<\/div>\n\n<div class=\"section\">\n<h2>Kuchen & Torten<\/h2>\n<div class=\"menu-list\">\n<span>Sahnetorten<\/span><span class=\"price\">4,10 \u20ac<\/span>\n<span>Cremetorten<\/span><span class=\"price\">4,10 \u20ac<\/span>\n<span>Kuchen<\/span><span class=\"price\">3,90 \u20ac<\/span>\n<\/div>\n<p class=\"note\">\nAlle Kuchen und Torten sind aus eigener Herstellung \u2013 auch zum Mitnehmen.\n<\/p>\n<\/div>\n\n<div class=\"section\">\n<h2>Herzhaftes (ab 12 Uhr)<\/h2>\n<div class=\"menu-list\">\n<span>Suppen mit Toast<\/span><span class=\"price\">5,50 \u20ac<\/span>\n<span>K\u00e4sebrot \/ Brot mit Schinken<\/span><span class=\"price\">7,80 \u20ac<\/span>\n<span>Paar Knacker mit Brot<\/span><span class=\"price\">7,80 \u20ac<\/span>\n<span>Toast Hawaii<\/span><span class=\"price\">9,50 \u20ac<\/span>\n<span>Strammer Max<\/span><span class=\"price\">9,50 \u20ac<\/span>\n<\/div>\n<\/div>\n<\/div>\t\t\t\t<\/div>\n\t\t\t\t<\/div>\n\t\t\t\t<div class=\"elementor-element elementor-element-dc6259a elementor-widget elementor-widget-shortcode\" data-id=\"dc6259a\" data-element_type=\"widget\" data-widget_type=\"shortcode.default\">\n\t\t\t\t<div class=\"elementor-widget-container\">\n\t\t\t\t\t\t\t<div class=\"elementor-shortcode\"><\/div>\n\t\t\t\t\t\t<\/div>\n\t\t\t\t<\/div>\n\t\t\t\t\t<\/div>\n\t\t\t\t<\/div>\n\t\t\t\t<\/div>\n\t\t","protected":false},"excerpt":{"rendered":"<p>Speisekarte Hinweis zum Fr\u00fchst\u00fcck \u2615\ud83e\udd50 F\u00fcr unser Fr\u00fchst\u00fcck empfehlen wir im besten Fall eine Reservierung. Diese ist telefonisch oder bequem online m\u00f6glich. Jetzt online reservieren \u00d6ffnungszeiten T\u00e4glich von 9:30 \u2013 18:00 Uhr Montag &#038; Dienstag Ruhetag Hei\u00dfe Getr\u00e4nke K\u00e4nnchen Kaffee5,20 \u20ac K\u00e4nnchen Kaffee entkoffeiniert5,20 \u20ac Espresso2,80 \u20ac Espresso doppelt4,30 \u20ac Cappuccino3,80 \u20ac Milchkaffee3,80 \u20ac Latte [&hellip;]<\/p>\n","protected":false},"author":1,"featured_media":0,"parent":0,"menu_order":0,"comment_status":"closed","ping_status":"closed","template":"","meta":{"site-sidebar-layout":"no-sidebar","site-content-layout":"page-builder","ast-site-content-layout":"full-width-container","site-content-style":"default","site-sidebar-style":"default","ast-global-header-display":"","ast-banner-title-visibility":"","ast-main-header-display":"","ast-hfb-above-header-display":"","ast-hfb-below-header-display":"","ast-hfb-mobile-header-display":"","site-post-title":"disabled","ast-breadcrumbs-content":"","ast-featured-img":"disabled","footer-sml-layout":"","theme-transparent-header-meta":"","adv-header-id-meta":"","stick-header-meta":"","header-above-stick-meta":"","header-main-stick-meta":"","header-below-stick-meta":"","astra-migrate-meta-layouts":"set","ast-page-background-enabled":"default","ast-page-background-meta":{"desktop":{"background-color":"var(--ast-global-color-4)","background-image":"","background-repeat":"repeat","background-position":"center center","background-size":"auto","background-attachment":"scroll","background-type":"","background-media":"","overlay-type":"","overlay-color":"","overlay-opacity":"","overlay-gradient":""},"tablet":{"background-color":"","background-image":"","background-repeat":"repeat","background-position":"center center","background-size":"auto","background-attachment":"scroll","background-type":"","background-media":"","overlay-type":"","overlay-color":"","overlay-opacity":"","overlay-gradient":""},"mobile":{"background-color":"","background-image":"","background-repeat":"repeat","background-position":"center center","background-size":"auto","background-attachment":"scroll","background-type":"","background-media":"","overlay-type":"","overlay-color":"","overlay-opacity":"","overlay-gradient":""}},"ast-content-background-meta":{"desktop":{"background-color":"var(--ast-global-color-5)","background-image":"","background-repeat":"repeat","background-position":"center center","background-size":"auto","background-attachment":"scroll","background-type":"","background-media":"","overlay-type":"","overlay-color":"","overlay-opacity":"","overlay-gradient":""},"tablet":{"background-color":"var(--ast-global-color-5)","background-image":"","background-repeat":"repeat","background-position":"center center","background-size":"auto","background-attachment":"scroll","background-type":"","background-media":"","overlay-type":"","overlay-color":"","overlay-opacity":"","overlay-gradient":""},"mobile":{"background-color":"var(--ast-global-color-5)","background-image":"","background-repeat":"repeat","background-position":"center center","background-size":"auto","background-attachment":"scroll","background-type":"","background-media":"","overlay-type":"","overlay-color":"","overlay-opacity":"","overlay-gradient":""}},"footnotes":""},"class_list":["post-1878","page","type-page","status-publish","hentry"],"_links":{"self":[{"href":"https:\/\/test.netzer.de\/index.php?rest_route=\/wp\/v2\/pages\/1878","targetHints":{"allow":["GET"]}}],"collection":[{"href":"https:\/\/test.netzer.de\/index.php?rest_route=\/wp\/v2\/pages"}],"about":[{"href":"https:\/\/test.netzer.de\/index.php?rest_route=\/wp\/v2\/types\/page"}],"author":[{"embeddable":true,"href":"https:\/\/test.netzer.de\/index.php?rest_route=\/wp\/v2\/users\/1"}],"replies":[{"embeddable":true,"href":"https:\/\/test.netzer.de\/index.php?rest_route=%2Fwp%2Fv2%2Fcomments&post=1878"}],"version-history":[{"count":94,"href":"https:\/\/test.netzer.de\/index.php?rest_route=\/wp\/v2\/pages\/1878\/revisions"}],"predecessor-version":[{"id":2858,"href":"https:\/\/test.netzer.de\/index.php?rest_route=\/wp\/v2\/pages\/1878\/revisions\/2858"}],"wp:attachment":[{"href":"https:\/\/test.netzer.de\/index.php?rest_route=%2Fwp%2Fv2%2Fmedia&parent=1878"}],"curies":[{"name":"wp","href":"https:\/\/api.w.org\/{rel}","templated":true}]}}