{"id":1833,"date":"2023-12-17T16:41:43","date_gmt":"2023-12-17T16:41:43","guid":{"rendered":"https:\/\/test.netzer.de\/?page_id=1833"},"modified":"2026-01-23T08:30:30","modified_gmt":"2026-01-23T08:30:30","slug":"elementor-1833","status":"publish","type":"page","link":"https:\/\/test.netzer.de\/?page_id=1833","title":{"rendered":"Tiere"},"content":{"rendered":"\t\t<div data-elementor-type=\"wp-page\" data-elementor-id=\"1833\" class=\"elementor elementor-1833\">\n\t\t\t\t<div class=\"elementor-element elementor-element-2205c2f7 e-flex e-con-boxed e-con e-parent\" data-id=\"2205c2f7\" data-element_type=\"container\" data-settings=\"{&quot;background_background&quot;:&quot;classic&quot;}\">\n\t\t\t\t\t<div class=\"e-con-inner\">\n\t\t<div class=\"elementor-element elementor-element-215c9cff e-flex e-con-boxed e-con e-child\" data-id=\"215c9cff\" data-element_type=\"container\">\n\t\t\t\t\t<div class=\"e-con-inner\">\n\t\t\t\t<div class=\"elementor-element elementor-element-402e474d elementor-widget elementor-widget-heading\" data-id=\"402e474d\" data-element_type=\"widget\" data-widget_type=\"heading.default\">\n\t\t\t\t<div class=\"elementor-widget-container\">\n\t\t\t\t\t<h1 class=\"elementor-heading-title elementor-size-default\">Unsere Tiere<\/h1>\t\t\t\t<\/div>\n\t\t\t\t<\/div>\n\t\t\t\t\t<\/div>\n\t\t\t\t<\/div>\n\t\t\t\t\t<\/div>\n\t\t\t\t<\/div>\n\t\t<div class=\"elementor-element elementor-element-7b199661 e-con-full e-flex e-con e-parent\" data-id=\"7b199661\" data-element_type=\"container\" data-settings=\"{&quot;background_background&quot;:&quot;classic&quot;}\">\n\t\t<div class=\"elementor-element elementor-element-1678bd7 e-con-full e-flex e-con e-child\" data-id=\"1678bd7\" data-element_type=\"container\">\n\t\t\t\t<div class=\"elementor-element elementor-element-1eb02ed8 elementor-widget elementor-widget-heading\" data-id=\"1eb02ed8\" data-element_type=\"widget\" data-widget_type=\"heading.default\">\n\t\t\t\t<div class=\"elementor-widget-container\">\n\t\t\t\t\t<h2 class=\"elementor-heading-title elementor-size-default\">Wei\u00dfb\u00fcschelaffen<\/h2>\t\t\t\t<\/div>\n\t\t\t\t<\/div>\n\t\t\t\t<div class=\"elementor-element elementor-element-46f94c80 elementor-widget elementor-widget-text-editor\" data-id=\"46f94c80\" data-element_type=\"widget\" data-widget_type=\"text-editor.default\">\n\t\t\t\t<div class=\"elementor-widget-container\">\n\t\t\t\t\t\t\t\t\t<p>Wei\u00dfb\u00fcschelaffen sind kleine Primaten aus der Familie der Krallenaffen. Sie stammen aus Brasilien und leben in Gruppen und ern\u00e4hren sich haupts\u00e4chlich von Fr\u00fcchten, Insekten und Baums\u00e4ften.<\/p>\t\t\t\t\t\t\t\t<\/div>\n\t\t\t\t<\/div>\n\t\t\t\t<\/div>\n\t\t<div class=\"elementor-element elementor-element-5f6b12c2 e-con-full e-flex e-con e-child\" data-id=\"5f6b12c2\" data-element_type=\"container\">\n\t\t\t\t<div class=\"elementor-element elementor-element-a04e29c elementor-widget elementor-widget-image\" data-id=\"a04e29c\" data-element_type=\"widget\" data-widget_type=\"image.default\">\n\t\t\t\t<div class=\"elementor-widget-container\">\n\t\t\t\t\t\t\t\t\t\t\t\t\t\t\t<img decoding=\"async\" src=\"https:\/\/test.netzer.de\/wp-content\/uploads\/2023\/12\/Image-Contact-1.jpg\" title=\"\" alt=\"\" loading=\"lazy\" \/>\t\t\t\t\t\t\t\t\t\t\t\t\t\t\t<\/div>\n\t\t\t\t<\/div>\n\t\t\t\t<\/div>\n\t\t\t\t<\/div>\n\t\t<div class=\"elementor-element elementor-element-6225a3bd e-con-full e-flex e-con e-parent\" data-id=\"6225a3bd\" data-element_type=\"container\" data-settings=\"{&quot;background_background&quot;:&quot;classic&quot;}\">\n\t\t<div class=\"elementor-element elementor-element-6fbdd62e e-con-full e-flex e-con e-child\" data-id=\"6fbdd62e\" data-element_type=\"container\">\n\t\t\t\t<div class=\"elementor-element elementor-element-5593da22 elementor-widget elementor-widget-heading\" data-id=\"5593da22\" data-element_type=\"widget\" data-widget_type=\"heading.default\">\n\t\t\t\t<div class=\"elementor-widget-container\">\n\t\t\t\t\t<h2 class=\"elementor-heading-title elementor-size-default\">Nasenb\u00e4ren<\/h2>\t\t\t\t<\/div>\n\t\t\t\t<\/div>\n\t\t\t\t<div class=\"elementor-element elementor-element-7dedaef0 elementor-widget elementor-widget-text-editor\" data-id=\"7dedaef0\" data-element_type=\"widget\" data-widget_type=\"text-editor.default\">\n\t\t\t\t<div class=\"elementor-widget-container\">\n\t\t\t\t\t\t\t\t\t<p class=\"p1\">Nasenb\u00e4ren sind mittelgro\u00dfe S\u00e4ugetiere aus der Familie der Kleinb\u00e4ren. Sie stammen aus Mittel- und S\u00fcdamerika und leben meist in sozialen Gruppen. Ihre Ern\u00e4hrung ist vielseitig und besteht aus Fr\u00fcchten, Insekten, kleinen Wirbeltieren sowie Eiern und Pflanzen.<\/p>\t\t\t\t\t\t\t\t<\/div>\n\t\t\t\t<\/div>\n\t\t\t\t<\/div>\n\t\t<div class=\"elementor-element elementor-element-79c7143e e-con-full e-flex e-con e-child\" data-id=\"79c7143e\" data-element_type=\"container\">\n\t\t\t\t<div class=\"elementor-element elementor-element-7b2727f7 elementor-widget elementor-widget-image\" data-id=\"7b2727f7\" data-element_type=\"widget\" data-widget_type=\"image.default\">\n\t\t\t\t<div class=\"elementor-widget-container\">\n\t\t\t\t\t\t\t\t\t\t\t\t\t\t\t<img decoding=\"async\" src=\"https:\/\/test.netzer.de\/wp-content\/uploads\/2023\/12\/Image-Contact-1.jpg\" title=\"\" alt=\"\" loading=\"lazy\" \/>\t\t\t\t\t\t\t\t\t\t\t\t\t\t\t<\/div>\n\t\t\t\t<\/div>\n\t\t\t\t<\/div>\n\t\t\t\t<\/div>\n\t\t<div class=\"elementor-element elementor-element-e09cd20 e-con-full e-flex e-con e-parent\" data-id=\"e09cd20\" data-element_type=\"container\" data-settings=\"{&quot;background_background&quot;:&quot;classic&quot;}\">\n\t\t<div class=\"elementor-element elementor-element-2a922b0 e-con-full e-flex e-con e-child\" data-id=\"2a922b0\" data-element_type=\"container\">\n\t\t\t\t<div class=\"elementor-element elementor-element-215e2bc elementor-widget elementor-widget-heading\" data-id=\"215e2bc\" data-element_type=\"widget\" data-widget_type=\"heading.default\">\n\t\t\t\t<div class=\"elementor-widget-container\">\n\t\t\t\t\t<h2 class=\"elementor-heading-title elementor-size-default\">Waschb\u00e4ren<\/h2>\t\t\t\t<\/div>\n\t\t\t\t<\/div>\n\t\t\t\t<div class=\"elementor-element elementor-element-5fc8c55 elementor-widget elementor-widget-text-editor\" data-id=\"5fc8c55\" data-element_type=\"widget\" data-widget_type=\"text-editor.default\">\n\t\t\t\t<div class=\"elementor-widget-container\">\n\t\t\t\t\t\t\t\t\t<p style=\"font-style: normal;\">Unsere neusten Mitbewohner sind unsere Waschb\u00e4ren Raffi und Frieda. Waschb\u00e4ren sind mittelgro\u00dfe S\u00e4ugetiere aus der Familie der Kleinb\u00e4ren. Sie stammen urspr\u00fcnglich aus Nordamerika und leben sowohl in W\u00e4ldern als auch in St\u00e4dten. Sie sind Allesfresser und ern\u00e4hren sich von Fr\u00fcchten, Insekten, kleinen Tieren, Eiern und Abf\u00e4llen.<\/p>\t\t\t\t\t\t\t\t<\/div>\n\t\t\t\t<\/div>\n\t\t\t\t<\/div>\n\t\t<div class=\"elementor-element elementor-element-1ce1254 e-con-full e-flex e-con e-child\" data-id=\"1ce1254\" data-element_type=\"container\">\n\t\t\t\t<div class=\"elementor-element elementor-element-59da4fa elementor-widget elementor-widget-image\" data-id=\"59da4fa\" data-element_type=\"widget\" data-widget_type=\"image.default\">\n\t\t\t\t<div class=\"elementor-widget-container\">\n\t\t\t\t\t\t\t\t\t\t\t\t\t\t\t<img decoding=\"async\" src=\"https:\/\/test.netzer.de\/wp-content\/uploads\/2023\/12\/Image-Contact-1.jpg\" title=\"\" alt=\"\" loading=\"lazy\" \/>\t\t\t\t\t\t\t\t\t\t\t\t\t\t\t<\/div>\n\t\t\t\t<\/div>\n\t\t\t\t<\/div>\n\t\t\t\t<\/div>\n\t\t<div class=\"elementor-element elementor-element-48138d42 e-con-full e-flex e-con e-parent\" data-id=\"48138d42\" data-element_type=\"container\" data-settings=\"{&quot;background_background&quot;:&quot;classic&quot;}\">\n\t\t<div class=\"elementor-element elementor-element-24ad982 e-con-full e-flex e-con e-child\" data-id=\"24ad982\" data-element_type=\"container\">\n\t\t\t\t<div class=\"elementor-element elementor-element-1b881860 elementor-widget elementor-widget-image\" data-id=\"1b881860\" data-element_type=\"widget\" data-widget_type=\"image.default\">\n\t\t\t\t<div class=\"elementor-widget-container\">\n\t\t\t\t\t\t\t\t\t\t\t\t\t\t\t<img decoding=\"async\" src=\"https:\/\/test.netzer.de\/wp-content\/uploads\/2023\/12\/Image-Contact-1.jpg\" title=\"\" alt=\"\" loading=\"lazy\" \/>\t\t\t\t\t\t\t\t\t\t\t\t\t\t\t<\/div>\n\t\t\t\t<\/div>\n\t\t\t\t<\/div>\n\t\t<div class=\"elementor-element elementor-element-2380a486 e-con-full e-flex e-con e-child\" data-id=\"2380a486\" data-element_type=\"container\">\n\t\t\t\t<div class=\"elementor-element elementor-element-610f18ef elementor-widget elementor-widget-heading\" data-id=\"610f18ef\" data-element_type=\"widget\" data-widget_type=\"heading.default\">\n\t\t\t\t<div class=\"elementor-widget-container\">\n\t\t\t\t\t<h2 class=\"elementor-heading-title elementor-size-default\">Papageien<\/h2>\t\t\t\t<\/div>\n\t\t\t\t<\/div>\n\t\t\t\t<div class=\"elementor-element elementor-element-5dcb942e elementor-widget elementor-widget-text-editor\" data-id=\"5dcb942e\" data-element_type=\"widget\" data-widget_type=\"text-editor.default\">\n\t\t\t\t<div class=\"elementor-widget-container\">\n\t\t\t\t\t\t\t\t\t<p class=\"p1\">Wir haben viele verschiedene Arten von Papageien. Sie leben vor allem in tropischen und subtropischen Regionen wie S\u00fcdamerika, Afrika und Australien. Papageien sind sehr gesellig und ern\u00e4hren sich haupts\u00e4chlich von Samen, Fr\u00fcchten, N\u00fcssen und Pflanzen.<\/p>\t\t\t\t\t\t\t\t<\/div>\n\t\t\t\t<\/div>\n\t\t\t\t<\/div>\n\t\t\t\t<\/div>\n\t\t<div class=\"elementor-element elementor-element-dc32936 e-con-full e-flex e-con e-parent\" data-id=\"dc32936\" data-element_type=\"container\" data-settings=\"{&quot;background_background&quot;:&quot;classic&quot;}\">\n\t\t<div class=\"elementor-element elementor-element-b875f53 e-con-full e-flex e-con e-child\" data-id=\"b875f53\" data-element_type=\"container\">\n\t\t\t\t<div class=\"elementor-element elementor-element-d9ed1c6 elementor-widget elementor-widget-image\" data-id=\"d9ed1c6\" data-element_type=\"widget\" data-widget_type=\"image.default\">\n\t\t\t\t<div class=\"elementor-widget-container\">\n\t\t\t\t\t\t\t\t\t\t\t\t\t\t\t<img decoding=\"async\" src=\"https:\/\/test.netzer.de\/wp-content\/uploads\/2023\/12\/Image-Contact-1.jpg\" title=\"\" alt=\"\" loading=\"lazy\" \/>\t\t\t\t\t\t\t\t\t\t\t\t\t\t\t<\/div>\n\t\t\t\t<\/div>\n\t\t\t\t<\/div>\n\t\t<div class=\"elementor-element elementor-element-a9c9736 e-con-full e-flex e-con e-child\" data-id=\"a9c9736\" data-element_type=\"container\">\n\t\t\t\t<div class=\"elementor-element elementor-element-75b4f1e elementor-widget elementor-widget-heading\" data-id=\"75b4f1e\" data-element_type=\"widget\" data-widget_type=\"heading.default\">\n\t\t\t\t<div class=\"elementor-widget-container\">\n\t\t\t\t\t<h2 class=\"elementor-heading-title elementor-size-default\">Ziegen<\/h2>\t\t\t\t<\/div>\n\t\t\t\t<\/div>\n\t\t\t\t<div class=\"elementor-element elementor-element-538d651 elementor-widget elementor-widget-text-editor\" data-id=\"538d651\" data-element_type=\"widget\" data-widget_type=\"text-editor.default\">\n\t\t\t\t<div class=\"elementor-widget-container\">\n\t\t\t\t\t\t\t\t\t<p class=\"p1\">Ziegen sind mittelgro\u00dfe S\u00e4ugetiere aus der Familie der Horntr\u00e4ger. Sie stammen urspr\u00fcnglich aus Gebirgs- und Steppenregionen und leben heute weltweit als Haus- und Wildtiere. Ziegen sind Pflanzenfresser und ern\u00e4hren sich von Gr\u00e4sern, Bl\u00e4ttern, Kr\u00e4utern und Zweigen.<\/p>\t\t\t\t\t\t\t\t<\/div>\n\t\t\t\t<\/div>\n\t\t\t\t<\/div>\n\t\t\t\t<\/div>\n\t\t<div class=\"elementor-element elementor-element-38a3a6d e-con-full e-flex e-con e-parent\" data-id=\"38a3a6d\" data-element_type=\"container\" data-settings=\"{&quot;background_background&quot;:&quot;classic&quot;}\">\n\t\t<div class=\"elementor-element elementor-element-6c9be24 e-con-full e-flex e-con e-child\" data-id=\"6c9be24\" data-element_type=\"container\">\n\t\t\t\t<div class=\"elementor-element elementor-element-06f3c99 elementor-widget elementor-widget-image\" data-id=\"06f3c99\" data-element_type=\"widget\" data-widget_type=\"image.default\">\n\t\t\t\t<div class=\"elementor-widget-container\">\n\t\t\t\t\t\t\t\t\t\t\t\t\t\t\t<img decoding=\"async\" src=\"https:\/\/test.netzer.de\/wp-content\/uploads\/2023\/12\/Image-Contact-1.jpg\" title=\"\" alt=\"\" loading=\"lazy\" \/>\t\t\t\t\t\t\t\t\t\t\t\t\t\t\t<\/div>\n\t\t\t\t<\/div>\n\t\t<div class=\"elementor-element elementor-element-88198e7 e-con-full e-flex e-con e-child\" data-id=\"88198e7\" data-element_type=\"container\">\n\t\t\t\t<div class=\"elementor-element elementor-element-ee3bd4b elementor-widget elementor-widget-heading\" data-id=\"ee3bd4b\" data-element_type=\"widget\" data-widget_type=\"heading.default\">\n\t\t\t\t<div class=\"elementor-widget-container\">\n\t\t\t\t\t<h2 class=\"elementor-heading-title elementor-size-default\">Schildkr\u00f6ten<\/h2>\t\t\t\t<\/div>\n\t\t\t\t<\/div>\n\t\t\t\t<div class=\"elementor-element elementor-element-a04ca78 elementor-widget elementor-widget-text-editor\" data-id=\"a04ca78\" data-element_type=\"widget\" data-widget_type=\"text-editor.default\">\n\t\t\t\t<div class=\"elementor-widget-container\">\n\t\t\t\t\t\t\t\t\t<p class=\"p1\">Schildkr\u00f6ten leben in unterschiedlichen Lebensr\u00e4umen wie Meeren, S\u00fc\u00dfgew\u00e4ssern und an Land. Je nach Art ern\u00e4hren sie sich von Pflanzen, Algen, Insekten oder kleinen Tieren.<\/p>\t\t\t\t\t\t\t\t<\/div>\n\t\t\t\t<\/div>\n\t\t\t\t<\/div>\n\t\t\t\t<\/div>\n\t\t\t\t<\/div>\n\t\t<div class=\"elementor-element elementor-element-d8a8eae e-con-full e-flex e-con e-parent\" data-id=\"d8a8eae\" data-element_type=\"container\" data-settings=\"{&quot;background_background&quot;:&quot;classic&quot;}\">\n\t\t<div class=\"elementor-element elementor-element-4462bed e-con-full e-flex e-con e-child\" data-id=\"4462bed\" data-element_type=\"container\">\n\t\t\t\t<div class=\"elementor-element elementor-element-1cb99d8 elementor-widget elementor-widget-image\" data-id=\"1cb99d8\" data-element_type=\"widget\" data-widget_type=\"image.default\">\n\t\t\t\t<div class=\"elementor-widget-container\">\n\t\t\t\t\t\t\t\t\t\t\t\t\t\t\t<img decoding=\"async\" src=\"https:\/\/test.netzer.de\/wp-content\/uploads\/2023\/12\/Image-Contact-1.jpg\" title=\"\" alt=\"\" loading=\"lazy\" \/>\t\t\t\t\t\t\t\t\t\t\t\t\t\t\t<\/div>\n\t\t\t\t<\/div>\n\t\t\t\t<\/div>\n\t\t<div class=\"elementor-element elementor-element-57b2680 e-con-full e-flex e-con e-child\" data-id=\"57b2680\" data-element_type=\"container\">\n\t\t\t\t<div class=\"elementor-element elementor-element-052d3b0 elementor-widget elementor-widget-heading\" data-id=\"052d3b0\" data-element_type=\"widget\" data-widget_type=\"heading.default\">\n\t\t\t\t<div class=\"elementor-widget-container\">\n\t\t\t\t\t<h2 class=\"elementor-heading-title elementor-size-default\">Hasen<\/h2>\t\t\t\t<\/div>\n\t\t\t\t<\/div>\n\t\t\t\t<div class=\"elementor-element elementor-element-2f4e8be elementor-widget elementor-widget-text-editor\" data-id=\"2f4e8be\" data-element_type=\"widget\" data-widget_type=\"text-editor.default\">\n\t\t\t\t<div class=\"elementor-widget-container\">\n\t\t\t\t\t\t\t\t\t<p class=\"p1\">Hasen sind S\u00e4ugetiere aus der Familie der Hasenartigen. Sie leben in Wiesen, Feldern und W\u00e4ldern und sind in vielen Teilen der Welt verbreitet. Hasen sind Pflanzenfresser und ern\u00e4hren sich haupts\u00e4chlich von Gr\u00e4sern, Kr\u00e4utern und Rinde.<\/p>\t\t\t\t\t\t\t\t<\/div>\n\t\t\t\t<\/div>\n\t\t\t\t<\/div>\n\t\t\t\t<\/div>\n\t\t<div class=\"elementor-element elementor-element-0d4acbe e-flex e-con-boxed e-con e-parent\" data-id=\"0d4acbe\" data-element_type=\"container\">\n\t\t\t\t\t<div class=\"e-con-inner\">\n\t\t\t\t<div class=\"elementor-element elementor-element-c3c29d5 elementor-widget elementor-widget-heading\" data-id=\"c3c29d5\" data-element_type=\"widget\" data-widget_type=\"heading.default\">\n\t\t\t\t<div class=\"elementor-widget-container\">\n\t\t\t\t\t<h2 class=\"elementor-heading-title elementor-size-default\">Und viele weitere Tiere...<\/h2>\t\t\t\t<\/div>\n\t\t\t\t<\/div>\n\t\t\t\t\t<\/div>\n\t\t\t\t<\/div>\n\t\t\t\t<\/div>\n\t\t","protected":false},"excerpt":{"rendered":"<p>Unsere Tiere Wei\u00dfb\u00fcschelaffen Wei\u00dfb\u00fcschelaffen sind kleine Primaten aus der Familie der Krallenaffen. Sie stammen aus Brasilien und leben in Gruppen und ern\u00e4hren sich haupts\u00e4chlich von Fr\u00fcchten, Insekten und Baums\u00e4ften. Nasenb\u00e4ren Nasenb\u00e4ren sind mittelgro\u00dfe S\u00e4ugetiere aus der Familie der Kleinb\u00e4ren. Sie stammen aus Mittel- und S\u00fcdamerika und leben meist in sozialen Gruppen. Ihre Ern\u00e4hrung ist vielseitig [&hellip;]<\/p>\n","protected":false},"author":1,"featured_media":0,"parent":0,"menu_order":0,"comment_status":"closed","ping_status":"closed","template":"","meta":{"site-sidebar-layout":"no-sidebar","site-content-layout":"page-builder","ast-site-content-layout":"full-width-container","site-content-style":"default","site-sidebar-style":"default","ast-global-header-display":"","ast-banner-title-visibility":"","ast-main-header-display":"","ast-hfb-above-header-display":"","ast-hfb-below-header-display":"","ast-hfb-mobile-header-display":"","site-post-title":"disabled","ast-breadcrumbs-content":"","ast-featured-img":"disabled","footer-sml-layout":"","theme-transparent-header-meta":"","adv-header-id-meta":"","stick-header-meta":"","header-above-stick-meta":"","header-main-stick-meta":"","header-below-stick-meta":"","astra-migrate-meta-layouts":"set","ast-page-background-enabled":"default","ast-page-background-meta":{"desktop":{"background-color":"var(--ast-global-color-4)","background-image":"","background-repeat":"repeat","background-position":"center center","background-size":"auto","background-attachment":"scroll","background-type":"","background-media":"","overlay-type":"","overlay-color":"","overlay-opacity":"","overlay-gradient":""},"tablet":{"background-color":"","background-image":"","background-repeat":"repeat","background-position":"center center","background-size":"auto","background-attachment":"scroll","background-type":"","background-media":"","overlay-type":"","overlay-color":"","overlay-opacity":"","overlay-gradient":""},"mobile":{"background-color":"","background-image":"","background-repeat":"repeat","background-position":"center center","background-size":"auto","background-attachment":"scroll","background-type":"","background-media":"","overlay-type":"","overlay-color":"","overlay-opacity":"","overlay-gradient":""}},"ast-content-background-meta":{"desktop":{"background-color":"var(--ast-global-color-5)","background-image":"","background-repeat":"repeat","background-position":"center center","background-size":"auto","background-attachment":"scroll","background-type":"","background-media":"","overlay-type":"","overlay-color":"","overlay-opacity":"","overlay-gradient":""},"tablet":{"background-color":"var(--ast-global-color-5)","background-image":"","background-repeat":"repeat","background-position":"center center","background-size":"auto","background-attachment":"scroll","background-type":"","background-media":"","overlay-type":"","overlay-color":"","overlay-opacity":"","overlay-gradient":""},"mobile":{"background-color":"var(--ast-global-color-5)","background-image":"","background-repeat":"repeat","background-position":"center center","background-size":"auto","background-attachment":"scroll","background-type":"","background-media":"","overlay-type":"","overlay-color":"","overlay-opacity":"","overlay-gradient":""}},"footnotes":""},"class_list":["post-1833","page","type-page","status-publish","hentry"],"_links":{"self":[{"href":"https:\/\/test.netzer.de\/index.php?rest_route=\/wp\/v2\/pages\/1833","targetHints":{"allow":["GET"]}}],"collection":[{"href":"https:\/\/test.netzer.de\/index.php?rest_route=\/wp\/v2\/pages"}],"about":[{"href":"https:\/\/test.netzer.de\/index.php?rest_route=\/wp\/v2\/types\/page"}],"author":[{"embeddable":true,"href":"https:\/\/test.netzer.de\/index.php?rest_route=\/wp\/v2\/users\/1"}],"replies":[{"embeddable":true,"href":"https:\/\/test.netzer.de\/index.php?rest_route=%2Fwp%2Fv2%2Fcomments&post=1833"}],"version-history":[{"count":17,"href":"https:\/\/test.netzer.de\/index.php?rest_route=\/wp\/v2\/pages\/1833\/revisions"}],"predecessor-version":[{"id":2861,"href":"https:\/\/test.netzer.de\/index.php?rest_route=\/wp\/v2\/pages\/1833\/revisions\/2861"}],"wp:attachment":[{"href":"https:\/\/test.netzer.de\/index.php?rest_route=%2Fwp%2Fv2%2Fmedia&parent=1833"}],"curies":[{"name":"wp","href":"https:\/\/api.w.org\/{rel}","templated":true}]}}