{"id":1732,"date":"2021-11-21T15:14:41","date_gmt":"2021-11-21T15:14:41","guid":{"rendered":"https:\/\/test.netzer.de\/?page_id=1732"},"modified":"2026-01-22T07:42:12","modified_gmt":"2026-01-22T07:42:12","slug":"services","status":"publish","type":"page","link":"https:\/\/test.netzer.de\/?page_id=1732","title":{"rendered":"Geschichte"},"content":{"rendered":"\t\t<div data-elementor-type=\"wp-page\" data-elementor-id=\"1732\" class=\"elementor elementor-1732\">\n\t\t\t\t<div class=\"elementor-element elementor-element-93263f3 e-flex e-con-boxed e-con e-parent\" data-id=\"93263f3\" data-element_type=\"container\" data-settings=\"{&quot;background_background&quot;:&quot;classic&quot;}\">\n\t\t\t\t\t<div class=\"e-con-inner\">\n\t\t<div class=\"elementor-element elementor-element-6c32ff7 e-flex e-con-boxed e-con e-child\" data-id=\"6c32ff7\" data-element_type=\"container\">\n\t\t\t\t\t<div class=\"e-con-inner\">\n\t\t\t\t<div class=\"elementor-element elementor-element-888fcee elementor-widget elementor-widget-heading\" data-id=\"888fcee\" data-element_type=\"widget\" data-widget_type=\"heading.default\">\n\t\t\t\t<div class=\"elementor-widget-container\">\n\t\t\t\t\t<h1 class=\"elementor-heading-title elementor-size-default\">Wir \u00fcber uns<\/h1>\t\t\t\t<\/div>\n\t\t\t\t<\/div>\n\t\t\t\t\t<\/div>\n\t\t\t\t<\/div>\n\t\t\t\t\t<\/div>\n\t\t\t\t<\/div>\n\t\t<div class=\"elementor-element elementor-element-4cb475b e-flex e-con-boxed e-con e-parent\" data-id=\"4cb475b\" data-element_type=\"container\">\n\t\t\t\t\t<div class=\"e-con-inner\">\n\t\t<div class=\"elementor-element elementor-element-9741bfd e-con-full e-flex e-con e-child\" data-id=\"9741bfd\" data-element_type=\"container\">\n\t\t\t\t<div class=\"elementor-element elementor-element-d90ef00 elementor-widget elementor-widget-image\" data-id=\"d90ef00\" data-element_type=\"widget\" data-widget_type=\"image.default\">\n\t\t\t\t<div class=\"elementor-widget-container\">\n\t\t\t\t\t\t\t\t\t\t\t\t\t\t\t<img fetchpriority=\"high\" decoding=\"async\" width=\"2560\" height=\"1845\" src=\"https:\/\/test.netzer.de\/wp-content\/uploads\/2025\/12\/pexels-photo-23913661-23913661-scaled.jpg\" class=\"elementor-animation-shrink attachment-full size-full wp-image-2605\" alt=\"A charming vintage doll displayed on a window sill with elegant potted flowers.\" srcset=\"https:\/\/test.netzer.de\/wp-content\/uploads\/2025\/12\/pexels-photo-23913661-23913661-scaled.jpg 2560w, https:\/\/test.netzer.de\/wp-content\/uploads\/2025\/12\/pexels-photo-23913661-23913661-300x216.jpg 300w, https:\/\/test.netzer.de\/wp-content\/uploads\/2025\/12\/pexels-photo-23913661-23913661-1024x738.jpg 1024w, https:\/\/test.netzer.de\/wp-content\/uploads\/2025\/12\/pexels-photo-23913661-23913661-768x554.jpg 768w, https:\/\/test.netzer.de\/wp-content\/uploads\/2025\/12\/pexels-photo-23913661-23913661-1536x1107.jpg 1536w, https:\/\/test.netzer.de\/wp-content\/uploads\/2025\/12\/pexels-photo-23913661-23913661-2048x1476.jpg 2048w\" sizes=\"(max-width: 2560px) 100vw, 2560px\" \/>\t\t\t\t\t\t\t\t\t\t\t\t\t\t\t<\/div>\n\t\t\t\t<\/div>\n\t\t\t\t<\/div>\n\t\t<div class=\"elementor-element elementor-element-458f621 e-con-full e-flex e-con e-child\" data-id=\"458f621\" data-element_type=\"container\">\n\t\t\t\t<div class=\"elementor-element elementor-element-57ee7d9 elementor-widget elementor-widget-heading\" data-id=\"57ee7d9\" data-element_type=\"widget\" data-widget_type=\"heading.default\">\n\t\t\t\t<div class=\"elementor-widget-container\">\n\t\t\t\t\t<h4 class=\"elementor-heading-title elementor-size-default\">G\u00e4rtnerei Netzer<\/h4>\t\t\t\t<\/div>\n\t\t\t\t<\/div>\n\t\t\t\t<div class=\"elementor-element elementor-element-9dbc1b1 elementor-widget elementor-widget-text-editor\" data-id=\"9dbc1b1\" data-element_type=\"widget\" data-widget_type=\"text-editor.default\">\n\t\t\t\t<div class=\"elementor-widget-container\">\n\t\t\t\t\t\t\t\t\t<p>Der Familienbetrieb, die G\u00e4rtnerei Netzer wurde im Jahre 1932 in Mannheim-Neuost von Ernst Netzer gegr\u00fcndet. Aus der Ehe mit seiner Frau gingen die beiden J\u00fcrgen und Eberhard Netzer hervor. Sohn J\u00fcrgen faszinierte schon in jungen Jahren die Sch\u00f6nheit von Pflanzen und Natur. Er erlernte den Beruf des G\u00e4rtners und spezialisierte sich schon fr\u00fch in die Zucht und die Pflege von Orchideen.<\/p>\t\t\t\t\t\t\t\t<\/div>\n\t\t\t\t<\/div>\n\t\t\t\t<\/div>\n\t\t\t\t\t<\/div>\n\t\t\t\t<\/div>\n\t\t<div class=\"elementor-element elementor-element-f270834 e-flex e-con-boxed e-con e-parent\" data-id=\"f270834\" data-element_type=\"container\">\n\t\t\t\t\t<div class=\"e-con-inner\">\n\t\t<div class=\"elementor-element elementor-element-d82f624 e-con-full e-flex e-con e-child\" data-id=\"d82f624\" data-element_type=\"container\">\n\t\t\t\t<div class=\"elementor-element elementor-element-3b778e2 elementor-widget elementor-widget-image\" data-id=\"3b778e2\" data-element_type=\"widget\" data-widget_type=\"image.default\">\n\t\t\t\t<div class=\"elementor-widget-container\">\n\t\t\t\t\t\t\t\t\t\t\t\t\t\t\t<img decoding=\"async\" width=\"492\" height=\"489\" src=\"https:\/\/test.netzer.de\/wp-content\/uploads\/2024\/02\/anfahrt.jpg\" class=\"elementor-animation-shrink attachment-full size-full wp-image-2079\" alt=\"\" srcset=\"https:\/\/test.netzer.de\/wp-content\/uploads\/2024\/02\/anfahrt.jpg 492w, https:\/\/test.netzer.de\/wp-content\/uploads\/2024\/02\/anfahrt-300x298.webp 300w, https:\/\/test.netzer.de\/wp-content\/uploads\/2024\/02\/anfahrt-150x150.webp 150w\" sizes=\"(max-width: 492px) 100vw, 492px\" \/>\t\t\t\t\t\t\t\t\t\t\t\t\t\t\t<\/div>\n\t\t\t\t<\/div>\n\t\t\t\t<\/div>\n\t\t<div class=\"elementor-element elementor-element-dda9887 e-con-full e-flex e-con e-child\" data-id=\"dda9887\" data-element_type=\"container\">\n\t\t\t\t<div class=\"elementor-element elementor-element-dbd12a7 elementor-widget elementor-widget-heading\" data-id=\"dbd12a7\" data-element_type=\"widget\" data-widget_type=\"heading.default\">\n\t\t\t\t<div class=\"elementor-widget-container\">\n\t\t\t\t\t<h4 class=\"elementor-heading-title elementor-size-default\">Der gro\u00dfe Umzug<\/h4>\t\t\t\t<\/div>\n\t\t\t\t<\/div>\n\t\t\t\t<div class=\"elementor-element elementor-element-ed08cdd elementor-widget elementor-widget-text-editor\" data-id=\"ed08cdd\" data-element_type=\"widget\" data-widget_type=\"text-editor.default\">\n\t\t\t\t<div class=\"elementor-widget-container\">\n\t\t\t\t\t\t\t\t\t<p>Mit seiner Ehefrau Elfriede suchte J\u00fcrgen er ein Fleckchen Erde, wo ideale Luft- und Wasserverh\u00e4ltnisse f\u00fcr die Orchideenzucht herrschen. In Birkenau-Hornbach fanden sie geradezu ideale Verh\u00e4ltnisse. Anfang 1973 nahmen sie den Neubau der Orchideenzucht Netzer in Angriff. Am 1.1.1975 wurde die Orchideeng\u00e4rtnerei in Hornbach er\u00f6ffnet. Nach dem Tode Ihres Ehemanns J\u00fcrgen im Jahre 1978 f\u00fchrte Elfriede Netzer den Betrieb in Eigenregie weiter.<\/p>\t\t\t\t\t\t\t\t<\/div>\n\t\t\t\t<\/div>\n\t\t\t\t<\/div>\n\t\t\t\t\t<\/div>\n\t\t\t\t<\/div>\n\t\t<div class=\"elementor-element elementor-element-89f0651 e-flex e-con-boxed e-con e-parent\" data-id=\"89f0651\" data-element_type=\"container\">\n\t\t\t\t\t<div class=\"e-con-inner\">\n\t\t<div class=\"elementor-element elementor-element-0d63c59 e-con-full e-flex e-con e-child\" data-id=\"0d63c59\" data-element_type=\"container\">\n\t\t\t\t<div class=\"elementor-element elementor-element-65c3c3c elementor-widget elementor-widget-image\" data-id=\"65c3c3c\" data-element_type=\"widget\" data-widget_type=\"image.default\">\n\t\t\t\t<div class=\"elementor-widget-container\">\n\t\t\t\t\t\t\t\t\t\t\t\t\t\t\t<img decoding=\"async\" width=\"950\" height=\"712\" src=\"https:\/\/test.netzer.de\/wp-content\/uploads\/2024\/02\/Cafe.webp\" class=\"elementor-animation-shrink attachment-full size-full wp-image-2075\" alt=\"\" srcset=\"https:\/\/test.netzer.de\/wp-content\/uploads\/2024\/02\/Cafe.webp 950w, https:\/\/test.netzer.de\/wp-content\/uploads\/2024\/02\/Cafe-300x225.webp 300w, https:\/\/test.netzer.de\/wp-content\/uploads\/2024\/02\/Cafe-768x576.webp 768w\" sizes=\"(max-width: 950px) 100vw, 950px\" \/>\t\t\t\t\t\t\t\t\t\t\t\t\t\t\t<\/div>\n\t\t\t\t<\/div>\n\t\t\t\t<\/div>\n\t\t<div class=\"elementor-element elementor-element-4897024 e-con-full e-flex e-con e-child\" data-id=\"4897024\" data-element_type=\"container\">\n\t\t\t\t<div class=\"elementor-element elementor-element-6bf4288 elementor-widget elementor-widget-heading\" data-id=\"6bf4288\" data-element_type=\"widget\" data-widget_type=\"heading.default\">\n\t\t\t\t<div class=\"elementor-widget-container\">\n\t\t\t\t\t<h4 class=\"elementor-heading-title elementor-size-default\">Er\u00f6ffnung des Caf\u00e9s<\/h4>\t\t\t\t<\/div>\n\t\t\t\t<\/div>\n\t\t\t\t<div class=\"elementor-element elementor-element-2080280 elementor-widget elementor-widget-text-editor\" data-id=\"2080280\" data-element_type=\"widget\" data-widget_type=\"text-editor.default\">\n\t\t\t\t<div class=\"elementor-widget-container\">\n\t\t\t\t\t\t\t\t\t<p>Im Oktober 1983 er\u00f6ffnete Sohn Martin mit Unterst\u00fctzung seiner Ehefrau Heidrun das Caf\u00e9 Orchidee, welches nahtlos in die Orchideenzucht integriert wurde. Nach anf\u00e4nglich schw\u00e4cheren Zeiten, entwickelte sich der Betrieb im Laufe der Zeit, bedingt auch durch verschiedene gr\u00f6\u00dfere Investitionen und Umbauarbeiten\u00a0 zu dem was es heute ist: Ein Idyll inmitten herrlicher Odenw\u00e4lder Landschaft. Am 01.01.2001 \u00fcbernahm Sohn Martin dann auch die G\u00e4rtnerei und machte auch die Presse und regionale Fernsehsender auf diesen idyllischen Familienbetrieb aufmerksam.<\/p>\t\t\t\t\t\t\t\t<\/div>\n\t\t\t\t<\/div>\n\t\t\t\t<\/div>\n\t\t\t\t\t<\/div>\n\t\t\t\t<\/div>\n\t\t<div class=\"elementor-element elementor-element-ecdaa19 e-flex e-con-boxed e-con e-parent\" data-id=\"ecdaa19\" data-element_type=\"container\">\n\t\t\t\t\t<div class=\"e-con-inner\">\n\t\t<div class=\"elementor-element elementor-element-d7e1f91 e-con-full e-flex e-con e-child\" data-id=\"d7e1f91\" data-element_type=\"container\">\n\t\t\t\t<div class=\"elementor-element elementor-element-400718f elementor-widget elementor-widget-image\" data-id=\"400718f\" data-element_type=\"widget\" data-widget_type=\"image.default\">\n\t\t\t\t<div class=\"elementor-widget-container\">\n\t\t\t\t\t\t\t\t\t\t\t\t\t\t\t<img loading=\"lazy\" decoding=\"async\" width=\"1176\" height=\"662\" src=\"https:\/\/test.netzer.de\/wp-content\/uploads\/2024\/02\/Philipp-Nadine.webp\" class=\"elementor-animation-shrink attachment-full size-full wp-image-2070\" alt=\"\" srcset=\"https:\/\/test.netzer.de\/wp-content\/uploads\/2024\/02\/Philipp-Nadine.webp 1176w, https:\/\/test.netzer.de\/wp-content\/uploads\/2024\/02\/Philipp-Nadine-300x169.webp 300w, https:\/\/test.netzer.de\/wp-content\/uploads\/2024\/02\/Philipp-Nadine-1024x576.webp 1024w, https:\/\/test.netzer.de\/wp-content\/uploads\/2024\/02\/Philipp-Nadine-768x432.webp 768w\" sizes=\"(max-width: 1176px) 100vw, 1176px\" \/>\t\t\t\t\t\t\t\t\t\t\t\t\t\t\t<\/div>\n\t\t\t\t<\/div>\n\t\t\t\t<\/div>\n\t\t<div class=\"elementor-element elementor-element-6b3231f e-con-full e-flex e-con e-child\" data-id=\"6b3231f\" data-element_type=\"container\">\n\t\t\t\t<div class=\"elementor-element elementor-element-965f1f7 elementor-widget elementor-widget-heading\" data-id=\"965f1f7\" data-element_type=\"widget\" data-widget_type=\"heading.default\">\n\t\t\t\t<div class=\"elementor-widget-container\">\n\t\t\t\t\t<h4 class=\"elementor-heading-title elementor-size-default\">Generationenwechsel<\/h4>\t\t\t\t<\/div>\n\t\t\t\t<\/div>\n\t\t\t\t<div class=\"elementor-element elementor-element-09c60fe elementor-widget elementor-widget-text-editor\" data-id=\"09c60fe\" data-element_type=\"widget\" data-widget_type=\"text-editor.default\">\n\t\t\t\t<div class=\"elementor-widget-container\">\n\t\t\t\t\t\t\t\t\t<p>2022 \u00fcbernahm Tochter Nadine mit ihrem Ehemann Philipp den Betrieb. Nach gro\u00dfen Herausforderungen und einer schwierigen Zeit w\u00e4hrend der COVID-19 Pandemie k\u00f6nnen Besucher seit Ende 2021 statt dem klassischen Kaffee und Kuchen auch zum Fr\u00fchst\u00fccken kommen.<\/p>\t\t\t\t\t\t\t\t<\/div>\n\t\t\t\t<\/div>\n\t\t\t\t<\/div>\n\t\t\t\t\t<\/div>\n\t\t\t\t<\/div>\n\t\t\t\t<\/div>\n\t\t","protected":false},"excerpt":{"rendered":"<p>Wir \u00fcber uns G\u00e4rtnerei Netzer Der Familienbetrieb, die G\u00e4rtnerei Netzer wurde im Jahre 1932 in Mannheim-Neuost von Ernst Netzer gegr\u00fcndet. Aus der Ehe mit seiner Frau gingen die beiden J\u00fcrgen und Eberhard Netzer hervor. Sohn J\u00fcrgen faszinierte schon in jungen Jahren die Sch\u00f6nheit von Pflanzen und Natur. Er erlernte den Beruf des G\u00e4rtners und spezialisierte [&hellip;]<\/p>\n","protected":false},"author":1,"featured_media":0,"parent":0,"menu_order":0,"comment_status":"closed","ping_status":"closed","template":"","meta":{"site-sidebar-layout":"no-sidebar","site-content-layout":"page-builder","ast-site-content-layout":"","site-content-style":"default","site-sidebar-style":"default","ast-global-header-display":"","ast-banner-title-visibility":"","ast-main-header-display":"","ast-hfb-above-header-display":"","ast-hfb-below-header-display":"","ast-hfb-mobile-header-display":"","site-post-title":"disabled","ast-breadcrumbs-content":"","ast-featured-img":"disabled","footer-sml-layout":"","theme-transparent-header-meta":"enabled","adv-header-id-meta":"","stick-header-meta":"","header-above-stick-meta":"","header-main-stick-meta":"","header-below-stick-meta":"","astra-migrate-meta-layouts":"default","ast-page-background-enabled":"default","ast-page-background-meta":{"desktop":{"background-color":"var(--ast-global-color-4)","background-image":"","background-repeat":"repeat","background-position":"center center","background-size":"auto","background-attachment":"scroll","background-type":"","background-media":"","overlay-type":"","overlay-color":"","overlay-opacity":"","overlay-gradient":""},"tablet":{"background-color":"","background-image":"","background-repeat":"repeat","background-position":"center center","background-size":"auto","background-attachment":"scroll","background-type":"","background-media":"","overlay-type":"","overlay-color":"","overlay-opacity":"","overlay-gradient":""},"mobile":{"background-color":"","background-image":"","background-repeat":"repeat","background-position":"center center","background-size":"auto","background-attachment":"scroll","background-type":"","background-media":"","overlay-type":"","overlay-color":"","overlay-opacity":"","overlay-gradient":""}},"ast-content-background-meta":{"desktop":{"background-color":"var(--ast-global-color-5)","background-image":"","background-repeat":"repeat","background-position":"center center","background-size":"auto","background-attachment":"scroll","background-type":"","background-media":"","overlay-type":"","overlay-color":"","overlay-opacity":"","overlay-gradient":""},"tablet":{"background-color":"var(--ast-global-color-5)","background-image":"","background-repeat":"repeat","background-position":"center center","background-size":"auto","background-attachment":"scroll","background-type":"","background-media":"","overlay-type":"","overlay-color":"","overlay-opacity":"","overlay-gradient":""},"mobile":{"background-color":"var(--ast-global-color-5)","background-image":"","background-repeat":"repeat","background-position":"center center","background-size":"auto","background-attachment":"scroll","background-type":"","background-media":"","overlay-type":"","overlay-color":"","overlay-opacity":"","overlay-gradient":""}},"footnotes":""},"class_list":["post-1732","page","type-page","status-publish","hentry"],"_links":{"self":[{"href":"https:\/\/test.netzer.de\/index.php?rest_route=\/wp\/v2\/pages\/1732","targetHints":{"allow":["GET"]}}],"collection":[{"href":"https:\/\/test.netzer.de\/index.php?rest_route=\/wp\/v2\/pages"}],"about":[{"href":"https:\/\/test.netzer.de\/index.php?rest_route=\/wp\/v2\/types\/page"}],"author":[{"embeddable":true,"href":"https:\/\/test.netzer.de\/index.php?rest_route=\/wp\/v2\/users\/1"}],"replies":[{"embeddable":true,"href":"https:\/\/test.netzer.de\/index.php?rest_route=%2Fwp%2Fv2%2Fcomments&post=1732"}],"version-history":[{"count":53,"href":"https:\/\/test.netzer.de\/index.php?rest_route=\/wp\/v2\/pages\/1732\/revisions"}],"predecessor-version":[{"id":2841,"href":"https:\/\/test.netzer.de\/index.php?rest_route=\/wp\/v2\/pages\/1732\/revisions\/2841"}],"wp:attachment":[{"href":"https:\/\/test.netzer.de\/index.php?rest_route=%2Fwp%2Fv2%2Fmedia&parent=1732"}],"curies":[{"name":"wp","href":"https:\/\/api.w.org\/{rel}","templated":true}]}}