{"id":1731,"date":"2021-11-21T15:14:19","date_gmt":"2021-11-21T15:14:19","guid":{"rendered":"https:\/\/test.netzer.de\/?page_id=1731"},"modified":"2025-02-08T18:31:30","modified_gmt":"2025-02-08T18:31:30","slug":"gutscheine","status":"publish","type":"page","link":"https:\/\/test.netzer.de\/?page_id=1731","title":{"rendered":"Gutscheine"},"content":{"rendered":"\t\t<div data-elementor-type=\"wp-page\" data-elementor-id=\"1731\" class=\"elementor elementor-1731\">\n\t\t\t\t<div class=\"elementor-element elementor-element-dcfb448 e-flex e-con-boxed e-con e-parent\" data-id=\"dcfb448\" data-element_type=\"container\" data-settings=\"{&quot;background_background&quot;:&quot;classic&quot;}\">\n\t\t\t\t\t<div class=\"e-con-inner\">\n\t\t<div class=\"elementor-element elementor-element-d21b7e0 e-flex e-con-boxed e-con e-child\" data-id=\"d21b7e0\" data-element_type=\"container\">\n\t\t\t\t\t<div class=\"e-con-inner\">\n\t\t\t\t<div class=\"elementor-element elementor-element-e9fd9dc elementor-widget elementor-widget-heading\" data-id=\"e9fd9dc\" data-element_type=\"widget\" data-widget_type=\"heading.default\">\n\t\t\t\t<div class=\"elementor-widget-container\">\n\t\t\t\t\t<h1 class=\"elementor-heading-title elementor-size-default\">Gutscheine<\/h1>\t\t\t\t<\/div>\n\t\t\t\t<\/div>\n\t\t\t\t\t<\/div>\n\t\t\t\t<\/div>\n\t\t\t\t\t<\/div>\n\t\t\t\t<\/div>\n\t\t<div class=\"elementor-element elementor-element-500861b e-flex e-con-boxed e-con e-parent\" data-id=\"500861b\" data-element_type=\"container\">\n\t\t\t\t\t<div class=\"e-con-inner\">\n\t\t<div class=\"elementor-element elementor-element-7dbc6fb e-con-full e-flex e-con e-child\" data-id=\"7dbc6fb\" data-element_type=\"container\">\n\t\t\t\t<div class=\"elementor-element elementor-element-6658dc9 elementor-widget elementor-widget-heading\" data-id=\"6658dc9\" data-element_type=\"widget\" data-widget_type=\"heading.default\">\n\t\t\t\t<div class=\"elementor-widget-container\">\n\t\t\t\t\t<h4 class=\"elementor-heading-title elementor-size-default\">Verschenken sie Freude!<\/h4>\t\t\t\t<\/div>\n\t\t\t\t<\/div>\n\t\t<div class=\"elementor-element elementor-element-9c9f21c e-flex e-con-boxed e-con e-child\" data-id=\"9c9f21c\" data-element_type=\"container\">\n\t\t\t\t\t<div class=\"e-con-inner\">\n\t\t\t\t<div class=\"elementor-element elementor-element-40b9138 elementor-widget elementor-widget-text-editor\" data-id=\"40b9138\" data-element_type=\"widget\" data-widget_type=\"text-editor.default\">\n\t\t\t\t<div class=\"elementor-widget-container\">\n\t\t\t\t\t\t\t\t\t<p>Verschenken Sie ein paar sch\u00f6ne Stunden! Mit unserem Gutschein kann der oder die Gl\u00fcckliche im Caf\u00e9 Orchidee und in der Orchideenzucht nach Herzenslust Essen, Trinken und Einkaufen. Nat\u00fcrlich nur so viel wie Sie Ihm oder Ihr geschenkt haben.<\/p>\t\t\t\t\t\t\t\t<\/div>\n\t\t\t\t<\/div>\n\t\t\t\t\t<\/div>\n\t\t\t\t<\/div>\n\t\t\t\t<div class=\"elementor-element elementor-element-0a15969 elementor-widget elementor-widget-text-editor\" data-id=\"0a15969\" data-element_type=\"widget\" data-widget_type=\"text-editor.default\">\n\t\t\t\t<div class=\"elementor-widget-container\">\n\t\t\t\t\t\t\t\t\t<p style=\"text-align: center;\">Nachdem Sie Ihre Auswahl getroffen haben, werden Sie sicher und bequem auf eine Zahlungsseite weitergeleitet, auf der Sie die f\u00fcr Sie passende Zahlungsmethode w\u00e4hlen k\u00f6nnen. Sobald die Zahlung erfolgreich abgeschlossen ist, erhalten Sie umgehend den Gutschein direkt in Ihrem E-Mail-Postfach.<\/p><p>Sollten Sie individuelle Anfragen zu Gutscheinen haben oder weitere Fragen, nutzen Sie ganz einfach das Formular auf der Kontaktseite.<\/p>\t\t\t\t\t\t\t\t<\/div>\n\t\t\t\t<\/div>\n\t\t\t\t<div class=\"elementor-element elementor-element-5b18754 elementor-widget-divider--view-line elementor-widget elementor-widget-divider\" data-id=\"5b18754\" data-element_type=\"widget\" data-widget_type=\"divider.default\">\n\t\t\t\t<div class=\"elementor-widget-container\">\n\t\t\t\t\t\t\t<div class=\"elementor-divider\">\n\t\t\t<span class=\"elementor-divider-separator\">\n\t\t\t\t\t\t<\/span>\n\t\t<\/div>\n\t\t\t\t\t\t<\/div>\n\t\t\t\t<\/div>\n\t\t\t\t<\/div>\n\t\t\t\t\t<\/div>\n\t\t\t\t<\/div>\n\t\t<div class=\"elementor-element elementor-element-6782384 e-flex e-con-boxed e-con e-parent\" data-id=\"6782384\" data-element_type=\"container\">\n\t\t\t\t\t<div class=\"e-con-inner\">\n\t\t\t\t<div class=\"elementor-element elementor-element-febe63a elementor-widget elementor-widget-html\" data-id=\"febe63a\" data-element_type=\"widget\" data-widget_type=\"html.default\">\n\t\t\t\t<div class=\"elementor-widget-container\">\n\t\t\t\t\t<!DOCTYPE html>\r\n<html lang=\"en\">\r\n<head>\r\n    <meta charset=\"UTF-8\">\r\n    <meta name=\"viewport\" content=\"width=device-width, initial-scale=1.0\">\r\n    <title>Document<\/title>\r\n    <style>\r\n        .cslider {\r\n    background: transparent;\r\n    color: black;\r\n    padding: 40px 20px;\r\n    position: relative;\r\n}\r\n.cslider img {\r\n    height: auto;\r\n    max-width: 100%;\r\n    width: 100%;\r\n}\r\n.cslider h3,\r\n.cslider .h3,\r\n.cslider .p,\r\n.cslider a {\r\n    color: black;\r\n    margin-top: 20px;\r\n}\r\n\r\n.cslider-carousel {\r\n    -webkit-box-align: center;\r\n        -ms-flex-align: center;\r\n            align-items: center;\r\n    display: -webkit-box;\r\n    display: -ms-flexbox;\r\n    display: flex;\r\n    height: 475px;\r\n    margin: 0 auto;\r\n    max-width: 1400px;\r\n    padding-bottom: 210px;\r\n    position: relative;\r\n    z-index: 1;\r\n}\r\n\r\n.cslider-item {\r\n    left: 20%;\r\n    opacity: 0;\r\n    position: absolute;\r\n    text-align: center;\r\n    -webkit-transform: translate(-50%, 0);\r\n            transform: translate(-50%, 0);\r\n    -webkit-transition: opacity 150ms ease-in-out, width 300ms ease-in-out, left 300ms ease-in-out, -webkit-transform 300ms ease-in-out;\r\n    transition: opacity 150ms ease-in-out, width 300ms ease-in-out, left 300ms ease-in-out, -webkit-transform 300ms ease-in-out;\r\n    transition: opacity 150ms ease-in-out, width 300ms ease-in-out, transform 300ms ease-in-out, left 300ms ease-in-out;\r\n    transition: opacity 150ms ease-in-out, width 300ms ease-in-out, transform 300ms ease-in-out, left 300ms ease-in-out, -webkit-transform 300ms ease-in-out;\r\n    width: 10%;\r\n    z-index: 0;\r\n}\r\n@media (min-width: 1200px) {\r\n    .cslider-item {\r\n        left: 5%;\r\n    }\r\n}\r\n.cslider-item img {\r\n    height: auto;\r\n    max-height: 315px;\r\n    max-width: 100%;\r\n    width: auto;\r\n}\r\n\r\n.cslider-item-selected {\r\n    opacity: 1;\r\n    left: 50%;\r\n    -webkit-transform: translate(-50%, 0);\r\n            transform: translate(-50%, 0);\r\n    -webkit-transition: all 300ms ease-in-out, -webkit-transform 300ms cubic-bezier(0.25, 0.75, 1, 1);\r\n    transition: all 300ms ease-in-out, -webkit-transform 300ms cubic-bezier(0.25, 0.75, 1, 1);\r\n    transition: all 300ms ease-in-out, transform 300ms cubic-bezier(0.25, 0.75, 1, 1);\r\n    transition: all 300ms ease-in-out, transform 300ms cubic-bezier(0.25, 0.75, 1, 1), -webkit-transform 300ms cubic-bezier(0.25, 0.75, 1, 1);\r\n    z-index: 2;\r\n}\r\n@media (min-width: 768px) {\r\n    .cslider-item-selected {\r\n        -webkit-transition: all 300ms ease-in-out;\r\n        transition: all 300ms ease-in-out;\r\n    }\r\n}\r\n@media (max-width: 575px) {\r\n    .cslider-item-selected {\r\n        width: 50%;\r\n    }\r\n}\r\n@media (min-width: 576px) {\r\n    .cslider-item-selected {\r\n        width: 40%;\r\n    }\r\n}\r\n\r\n.cslider-item-previous,\r\n.cslider-item-next {\r\n    opacity: 1;\r\n    -webkit-transition: all 300ms ease-in-out;\r\n    transition: all 300ms ease-in-out;\r\n    width: 20%;\r\n    z-index: 1;\r\n}\r\n\r\n.cslider-item-first,\r\n.cslider-item-last {\r\n    opacity: 1;\r\n    -webkit-transition: opacity 150ms ease-in-out 300ms, width 300ms ease-in-out, left 300ms ease-in-out, -webkit-transform 300ms ease-in-out;\r\n    transition: opacity 150ms ease-in-out 300ms, width 300ms ease-in-out, left 300ms ease-in-out, -webkit-transform 300ms ease-in-out;\r\n    transition: opacity 150ms ease-in-out 300ms, width 300ms ease-in-out, transform 300ms ease-in-out, left 300ms ease-in-out;\r\n    transition: opacity 150ms ease-in-out 300ms, width 300ms ease-in-out, transform 300ms ease-in-out, left 300ms ease-in-out, -webkit-transform 300ms ease-in-out;\r\n    width: 10%;\r\n}\r\n\r\n@media (max-width: 575px) {\r\n    .cslider-item-previous,\r\n.cslider-item-next {\r\n        opacity: 0;\r\n    }\r\n}\r\n\r\n@media (max-width: 1519px) {\r\n    .cslider-item-first,\r\n.cslider-item-last {\r\n        opacity: 0;\r\n    }\r\n}\r\n\r\n.cslider-item-previous {\r\n    left: 20%;\r\n}\r\n\r\n.cslider-item-next {\r\n    left: 80%;\r\n}\r\n\r\n.cslider-item-first {\r\n    left: 20%;\r\n}\r\n@media (min-width: 1520px) {\r\n    .cslider-item-first {\r\n        left: 5%;\r\n    }\r\n}\r\n\r\n.cslider-item-last {\r\n    left: 80%;\r\n}\r\n@media (min-width: 1520px) {\r\n    .cslider-item-last {\r\n        left: 95%;\r\n    }\r\n}\r\n\r\n\/* TEXT\r\n *\r\n * Im Normal-Zustand ist der \"Text-Container\" verborgen.\r\n * Dies geschieht \u00fcber die Werte height: 0 und overflow: hidden.\r\n *\r\n * Der Text im mittleren Container (.cslider-item-selected) wird angezeigt.\r\n *\r\n * Eine fl\u00fcssige Animation zwischen den zwei Zust\u00e4nden wird \u00fcber den Parameter transition angewiesen.\r\n *\r\n *\/\r\n.cslider-text {\r\n    height: 0;\r\n    left: 0;\r\n    opacity: 0;\r\n    overflow: hidden;\r\n    position: absolute;\r\n    -webkit-transition: height 0ms ease-in-out 300ms, opacity 225ms ease-in-out;\r\n    transition: height 0ms ease-in-out 300ms, opacity 225ms ease-in-out;\r\n    right: 0;\r\n    color: black;\r\n}\r\n\r\n.cslider-item-selected .cslider-text {\r\n    color: black;\r\n    height: 210px;\r\n    opacity: 1;\r\n    -webkit-transition: height 0ms, opacity 300ms ease-in-out 300ms;\r\n    transition: height 0ms, opacity 300ms ease-in-out 300ms;\r\n    \r\n}\r\n\r\n.cslider-prev,\r\n.cslider-next {\r\n    border-color: rgba(209, 102, 253, 0.7);\r\n    border-style: solid;\r\n    border-width: 0 4px 4px 0;\r\n    cursor: pointer;\r\n    display: block;\r\n    font-size: 0;\r\n    height: 28px;\r\n    margin-top: -14px;\r\n    position: absolute;\r\n    top: 50%;\r\n    -webkit-transform: rotate(-45deg);\r\n            transform: rotate(-45deg);\r\n    width: 28px;\r\n    z-index: 2;\r\n}\r\n\r\n.cslider-prev {\r\n    -webkit-transform: rotate(135deg);\r\n            transform: rotate(135deg);\r\n    left: 20px;\r\n}\r\n\r\n.cslider-next {\r\n    right: 20px;\r\n}\r\n\r\n    <\/style>\r\n    <script src=\"https:\/\/code.jquery.com\/jquery-3.6.0.min.js\"><\/script>\r\n    <script>function cSlider() {\r\n        'use strict';\r\n    \r\n        var $carousel = jQuery('.cslider');\r\n    \r\n        if ($carousel.length > 0) {\r\n    \r\n            \/\/ Variablen\r\n            var $carouselItem = $carousel.find('.cslider-item'),\r\n                $prev = $carousel.find('.cslider-prev'),\r\n                $next = $carousel.find('.cslider-next'),\r\n                itemLength = $carouselItem.length,\r\n                index = 0;\r\n    \r\n    \r\n            \/\/ Funktionen\r\n            function setIndex(i, add) {\r\n                if (i + add >= itemLength) {\r\n                    return i + add - itemLength;\r\n                } else {\r\n                    return i + add;\r\n                }\r\n            }\r\n    \r\n            function setState(i) {\r\n                \/\/ Reset der Klassen\r\n                $carouselItem.attr('class', 'cslider-item')\r\n    \r\n                \/\/ Zuweisung der Klassen\r\n                $carouselItem.eq(setIndex(i, 0)).addClass('cslider-item-first');\r\n                $carouselItem.eq(setIndex(i, 1)).addClass('cslider-item-previous');\r\n                $carouselItem.eq(setIndex(i, 2)).addClass('cslider-item-selected');\r\n                $carouselItem.eq(setIndex(i, 3)).addClass('cslider-item-next');\r\n                $carouselItem.eq(setIndex(i, 4)).addClass('cslider-item-last');\r\n    \r\n    \r\n            }\r\n    \r\n            \/\/ Kontrollfelder\r\n            $next.on('click', function() {\r\n                index = index + 1;\r\n                if (index >= itemLength) {\r\n                    index = 0;\r\n                }\r\n                setState(index);\r\n            });\r\n    \r\n            $prev.on('click', function() {\r\n                if (index <= 0) {\r\n                    index = itemLength;\r\n                }\r\n                index = index - 1;\r\n                setState(index);\r\n            });\r\n    \r\n            \/\/ Starte Slider\r\n            setState(index);\r\n    \r\n        }\r\n    \r\n    }\r\n    \r\n    \/\/ Shorthand for $( document ).ready()\r\n    jQuery(function() {\r\n        cSlider();\r\n    });\r\n    <\/script>\r\n    \r\n<\/head>\r\n<body>\r\n    <div class=\"cslider\">\r\n        <div class=\"cslider-carousel\">\r\n            <!-- Einheit 1 -->\r\n            <div class=\"cslider-item\">\r\n                <a href=\"#\">\r\n                    <img decoding=\"async\" src=\"https:\/\/test.netzer.de\/wp-content\/uploads\/2024\/11\/50E-gutschein.jpg\" alt=\"Slider Image\" \/>\r\n                    <div class=\"cslider-text\">\r\n                        <h3>50\u20ac Gutschein<\/h3>\r\n                        <p>Lorem ipsum dolor sit amet, consetetur sadipscing...<\/p>\r\n                    <\/div>\r\n                <\/a>\r\n            <\/div>\r\n            <div class=\"cslider-item\">\r\n                <a href=\"https:\/\/buy.stripe.com\/test_6oEeXh8gl4dk4246or\">\r\n                    <img decoding=\"async\" src=\"https:\/\/test.netzer.de\/wp-content\/uploads\/2024\/11\/5E-Gutschein.jpg\" alt=\"5\u20ac Euro Gutschein Bild\" \/>\r\n                    <div class=\"cslider-text\">\r\n                        <h3>5\u20ac Gutschein<\/h3>\r\n                        <p>Lorem ipsum dolor sit amet, consetetur sadipscing...<\/p>\r\n                    <\/div>\r\n                <\/a>\r\n            <\/div>\r\n            <div class=\"cslider-item\">\r\n                <a href=\"#\">\r\n                    <img decoding=\"async\" src=\"https:\/\/test.netzer.de\/wp-content\/uploads\/2024\/11\/15E-Gutschein.jpg\" alt=\"Slider Image\" \/>\r\n                    <div class=\"cslider-text\">\r\n                        <h3>15\u20ac Gutschein<\/h3>\r\n                        <p>Lorem ipsum dolor sit amet, consetetur sadipscing...<\/p>\r\n                    <\/div>\r\n                <\/a>\r\n            <\/div>\r\n            <div class=\"cslider-item\">\r\n                <a href=\"#\">\r\n                    <img decoding=\"async\" src=\"https:\/\/test.netzer.de\/wp-content\/uploads\/2024\/11\/25E-gutschein.jpg\" alt=\"Slider Image\" \/>\r\n                    <div class=\"cslider-text\">\r\n                        <h3>25\u20ac Gutschein<\/h3>\r\n                        <p>Lorem ipsum dolor sit amet, consetetur sadipscing...<\/p>\r\n                    <\/div>\r\n                <\/a>\r\n            <\/div>\r\n            <!-- Einheit 2 -->\r\n            \r\n        <\/div>\r\n        <div class=\"cslider-controls\">\r\n            <div class=\"cslider-prev\"><\/div>\r\n            <div class=\"cslider-next\"><\/div>\r\n        <\/div>\r\n    <\/div> \r\n<\/body>\r\n<\/html>\t\t\t\t<\/div>\n\t\t\t\t<\/div>\n\t\t\t\t\t<\/div>\n\t\t\t\t<\/div>\n\t\t\t\t<\/div>\n\t\t","protected":false},"excerpt":{"rendered":"<p>Gutscheine Verschenken sie Freude! Verschenken Sie ein paar sch\u00f6ne Stunden! Mit unserem Gutschein kann der oder die Gl\u00fcckliche im Caf\u00e9 Orchidee und in der Orchideenzucht nach Herzenslust Essen, Trinken und Einkaufen. Nat\u00fcrlich nur so viel wie Sie Ihm oder Ihr geschenkt haben. Nachdem Sie Ihre Auswahl getroffen haben, werden Sie sicher und bequem auf eine [&hellip;]<\/p>\n","protected":false},"author":1,"featured_media":0,"parent":0,"menu_order":0,"comment_status":"closed","ping_status":"closed","template":"","meta":{"site-sidebar-layout":"no-sidebar","site-content-layout":"page-builder","ast-site-content-layout":"","site-content-style":"default","site-sidebar-style":"default","ast-global-header-display":"","ast-banner-title-visibility":"","ast-main-header-display":"","ast-hfb-above-header-display":"","ast-hfb-below-header-display":"","ast-hfb-mobile-header-display":"","site-post-title":"disabled","ast-breadcrumbs-content":"","ast-featured-img":"disabled","footer-sml-layout":"","theme-transparent-header-meta":"enabled","adv-header-id-meta":"","stick-header-meta":"","header-above-stick-meta":"","header-main-stick-meta":"","header-below-stick-meta":"","astra-migrate-meta-layouts":"default","ast-page-background-enabled":"default","ast-page-background-meta":{"desktop":{"background-color":"var(--ast-global-color-4)","background-image":"","background-repeat":"repeat","background-position":"center center","background-size":"auto","background-attachment":"scroll","background-type":"","background-media":"","overlay-type":"","overlay-color":"","overlay-opacity":"","overlay-gradient":""},"tablet":{"background-color":"","background-image":"","background-repeat":"repeat","background-position":"center center","background-size":"auto","background-attachment":"scroll","background-type":"","background-media":"","overlay-type":"","overlay-color":"","overlay-opacity":"","overlay-gradient":""},"mobile":{"background-color":"","background-image":"","background-repeat":"repeat","background-position":"center center","background-size":"auto","background-attachment":"scroll","background-type":"","background-media":"","overlay-type":"","overlay-color":"","overlay-opacity":"","overlay-gradient":""}},"ast-content-background-meta":{"desktop":{"background-color":"var(--ast-global-color-5)","background-image":"","background-repeat":"repeat","background-position":"center center","background-size":"auto","background-attachment":"scroll","background-type":"","background-media":"","overlay-type":"","overlay-color":"","overlay-opacity":"","overlay-gradient":""},"tablet":{"background-color":"var(--ast-global-color-5)","background-image":"","background-repeat":"repeat","background-position":"center center","background-size":"auto","background-attachment":"scroll","background-type":"","background-media":"","overlay-type":"","overlay-color":"","overlay-opacity":"","overlay-gradient":""},"mobile":{"background-color":"var(--ast-global-color-5)","background-image":"","background-repeat":"repeat","background-position":"center center","background-size":"auto","background-attachment":"scroll","background-type":"","background-media":"","overlay-type":"","overlay-color":"","overlay-opacity":"","overlay-gradient":""}},"footnotes":""},"class_list":["post-1731","page","type-page","status-publish","hentry"],"_links":{"self":[{"href":"https:\/\/test.netzer.de\/index.php?rest_route=\/wp\/v2\/pages\/1731","targetHints":{"allow":["GET"]}}],"collection":[{"href":"https:\/\/test.netzer.de\/index.php?rest_route=\/wp\/v2\/pages"}],"about":[{"href":"https:\/\/test.netzer.de\/index.php?rest_route=\/wp\/v2\/types\/page"}],"author":[{"embeddable":true,"href":"https:\/\/test.netzer.de\/index.php?rest_route=\/wp\/v2\/users\/1"}],"replies":[{"embeddable":true,"href":"https:\/\/test.netzer.de\/index.php?rest_route=%2Fwp%2Fv2%2Fcomments&post=1731"}],"version-history":[{"count":136,"href":"https:\/\/test.netzer.de\/index.php?rest_route=\/wp\/v2\/pages\/1731\/revisions"}],"predecessor-version":[{"id":2706,"href":"https:\/\/test.netzer.de\/index.php?rest_route=\/wp\/v2\/pages\/1731\/revisions\/2706"}],"wp:attachment":[{"href":"https:\/\/test.netzer.de\/index.php?rest_route=%2Fwp%2Fv2%2Fmedia&parent=1731"}],"curies":[{"name":"wp","href":"https:\/\/api.w.org\/{rel}","templated":true}]}}